{"id":248,"date":"2025-07-01T11:11:34","date_gmt":"2025-07-01T11:11:34","guid":{"rendered":"https:\/\/dotacje.ariston-selector.com\/?page_id=248"},"modified":"2025-07-09T12:34:15","modified_gmt":"2025-07-09T12:34:15","slug":"poradnik-czyste-powietrze-ariston","status":"publish","type":"page","link":"https:\/\/dotacje.ariston-selector.com\/","title":{"rendered":"poradnik-czyste-powietrze-ariston"},"content":{"rendered":"\t\t<div data-elementor-type=\"wp-page\" data-elementor-id=\"248\" class=\"elementor elementor-248\" data-elementor-post-type=\"page\">\n\t\t\t\t<div class=\"elementor-element elementor-element-52d26e4 e-con-full e-flex e-con e-parent\" data-id=\"52d26e4\" data-element_type=\"container\" data-settings=\"{&quot;background_background&quot;:&quot;slideshow&quot;,&quot;background_slideshow_gallery&quot;:[{&quot;id&quot;:288,&quot;url&quot;:&quot;https:\\\/\\\/dotacje.ariston-selector.com\\\/wp-content\\\/uploads\\\/2025\\\/07\\\/Contract_shaking_external-home_1440x960.jpg&quot;},{&quot;id&quot;:292,&quot;url&quot;:&quot;https:\\\/\\\/dotacje.ariston-selector.com\\\/wp-content\\\/uploads\\\/2025\\\/07\\\/Installer-with-clients_living-room_1440x960.jpg&quot;},{&quot;id&quot;:293,&quot;url&quot;:&quot;https:\\\/\\\/dotacje.ariston-selector.com\\\/wp-content\\\/uploads\\\/2025\\\/07\\\/Installers-with-van_1440x960.jpg&quot;},{&quot;id&quot;:294,&quot;url&quot;:&quot;https:\\\/\\\/dotacje.ariston-selector.com\\\/wp-content\\\/uploads\\\/2025\\\/07\\\/Service-center_var3_1440x960.jpg&quot;}],&quot;background_slideshow_ken_burns&quot;:&quot;yes&quot;,&quot;background_slideshow_slide_duration&quot;:5000,&quot;background_slideshow_slide_transition&quot;:&quot;fade&quot;,&quot;background_slideshow_transition_duration&quot;:500,&quot;background_slideshow_ken_burns_zoom_direction&quot;:&quot;in&quot;}\">\n\t\t<div class=\"elementor-element elementor-element-208c92d e-flex e-con-boxed e-con e-child\" data-id=\"208c92d\" data-element_type=\"container\">\n\t\t\t\t\t<div class=\"e-con-inner\">\n\t\t\t\t<div class=\"elementor-element elementor-element-1a7168b elementor-widget elementor-widget-heading\" data-id=\"1a7168b\" data-element_type=\"widget\" data-widget_type=\"heading.default\">\n\t\t\t\t<div class=\"elementor-widget-container\">\n\t\t\t\t\t<h1 class=\"elementor-heading-title elementor-size-default\">PORADNIK<\/h1>\t\t\t\t<\/div>\n\t\t\t\t<\/div>\n\t\t\t\t<div class=\"elementor-element elementor-element-c19cd1a elementor-widget elementor-widget-heading\" data-id=\"c19cd1a\" data-element_type=\"widget\" data-widget_type=\"heading.default\">\n\t\t\t\t<div class=\"elementor-widget-container\">\n\t\t\t\t\t<h1 class=\"elementor-heading-title elementor-size-default\">Czyste <br> \nPowietrze<br><\/h1>\t\t\t\t<\/div>\n\t\t\t\t<\/div>\n\t\t\t\t\t<\/div>\n\t\t\t\t<\/div>\n\t\t\t\t<\/div>\n\t\t<div class=\"elementor-element elementor-element-68e2012 e-flex e-con-boxed e-con e-parent\" data-id=\"68e2012\" data-element_type=\"container\">\n\t\t\t\t\t<div class=\"e-con-inner\">\n\t\t\t\t<div class=\"elementor-element elementor-element-c92037c elementor-hidden-tablet elementor-hidden-mobile elementor-align-center elementor-widget elementor-widget-lottie\" data-id=\"c92037c\" data-element_type=\"widget\" data-settings=\"{&quot;source&quot;:&quot;external_url&quot;,&quot;source_external_url&quot;:{&quot;url&quot;:&quot;https:\\\/\\\/assets1.lottiefiles.com\\\/packages\\\/lf20_P4RBQZ.json&quot;,&quot;is_external&quot;:&quot;&quot;,&quot;nofollow&quot;:&quot;&quot;,&quot;custom_attributes&quot;:&quot;&quot;},&quot;loop&quot;:&quot;yes&quot;,&quot;play_speed&quot;:{&quot;unit&quot;:&quot;px&quot;,&quot;size&quot;:2,&quot;sizes&quot;:[]},&quot;lazyload&quot;:&quot;yes&quot;,&quot;link_to&quot;:&quot;custom&quot;,&quot;custom_link&quot;:{&quot;url&quot;:&quot;#program&quot;,&quot;is_external&quot;:&quot;&quot;,&quot;nofollow&quot;:&quot;&quot;,&quot;custom_attributes&quot;:&quot;&quot;},&quot;trigger&quot;:&quot;arriving_to_viewport&quot;,&quot;viewport&quot;:{&quot;unit&quot;:&quot;%&quot;,&quot;size&quot;:&quot;&quot;,&quot;sizes&quot;:{&quot;start&quot;:0,&quot;end&quot;:100}},&quot;start_point&quot;:{&quot;unit&quot;:&quot;%&quot;,&quot;size&quot;:0,&quot;sizes&quot;:[]},&quot;end_point&quot;:{&quot;unit&quot;:&quot;%&quot;,&quot;size&quot;:100,&quot;sizes&quot;:[]},&quot;renderer&quot;:&quot;svg&quot;}\" data-widget_type=\"lottie.default\">\n\t\t\t\t<div class=\"elementor-widget-container\">\n\t\t\t\t\t<a class=\"e-lottie__container__link\" href=\"#program\"><div class=\"e-lottie__container\"><div class=\"e-lottie__animation\"><\/div><\/div><\/a>\t\t\t\t<\/div>\n\t\t\t\t<\/div>\n\t\t\t\t\t<\/div>\n\t\t\t\t<\/div>\n\t\t<div class=\"elementor-element elementor-element-174798b e-flex e-con-boxed e-con e-parent\" data-id=\"174798b\" data-element_type=\"container\">\n\t\t\t\t\t<div class=\"e-con-inner\">\n\t\t\t\t<div class=\"elementor-element elementor-element-20c462c elementor-widget elementor-widget-heading\" data-id=\"20c462c\" data-element_type=\"widget\" data-widget_type=\"heading.default\">\n\t\t\t\t<div class=\"elementor-widget-container\">\n\t\t\t\t\t<h2 class=\"elementor-heading-title elementor-size-default\">Wspieramy Tw\u00f3j rozw\u00f3j.<br> Pomagamy Twoim klientom. \n<\/h2>\t\t\t\t<\/div>\n\t\t\t\t<\/div>\n\t\t\t\t<div class=\"elementor-element elementor-element-e35eeb6 elementor-widget elementor-widget-heading\" data-id=\"e35eeb6\" data-element_type=\"widget\" data-widget_type=\"heading.default\">\n\t\t\t\t<div class=\"elementor-widget-container\">\n\t\t\t\t\t<h3 class=\"elementor-heading-title elementor-size-default\">Pobierz bezp\u0142atny poradnik \u201eCzyste Powietrze\u201d <br>i zyskaj przewag\u0119 w rozmowach z inwestorami<\/h3>\t\t\t\t<\/div>\n\t\t\t\t<\/div>\n\t\t\t\t<div class=\"elementor-element elementor-element-93ecf0d elementor-widget elementor-widget-text-editor\" data-id=\"93ecf0d\" data-element_type=\"widget\" data-widget_type=\"text-editor.default\">\n\t\t\t\t<div class=\"elementor-widget-container\">\n\t\t\t\t\t\t\t\t\t<p>Wiemy, jak wiele zale\u017cy od Twojej wiedzy, profesjonalizmu i umiej\u0119tno\u015bci doradzania klientom najlepszych rozwi\u0105za\u0144. Dlatego przygotowali\u015bmy praktyczny przewodnik po aktualnym programie \u201eCzyste Powietrze\u201d \u2013 z my\u015bl\u0105 o firmach instalacyjnych, kt\u00f3re chc\u0105 nie tylko realizowa\u0107 zlecenia, ale te\u017c \u015bwiadomie towarzyszy\u0107 klientom w procesie decyzyjnym.<\/p>\t\t\t\t\t\t\t\t<\/div>\n\t\t\t\t<\/div>\n\t\t\t\t<div class=\"elementor-element elementor-element-d5b8e97 elementor-widget elementor-widget-text-editor\" data-id=\"d5b8e97\" data-element_type=\"widget\" data-widget_type=\"text-editor.default\">\n\t\t\t\t<div class=\"elementor-widget-container\">\n\t\t\t\t\t\t\t\t\t<p>\u00a0Dlaczego warto pobra\u0107 poradnik?<\/p>\t\t\t\t\t\t\t\t<\/div>\n\t\t\t\t<\/div>\n\t\t\t\t<div class=\"elementor-element elementor-element-e224a76 elementor-icon-list--layout-traditional elementor-list-item-link-full_width elementor-widget elementor-widget-icon-list\" data-id=\"e224a76\" data-element_type=\"widget\" data-widget_type=\"icon-list.default\">\n\t\t\t\t<div class=\"elementor-widget-container\">\n\t\t\t\t\t\t\t<ul class=\"elementor-icon-list-items\">\n\t\t\t\t\t\t\t<li class=\"elementor-icon-list-item\">\n\t\t\t\t\t\t\t\t\t\t\t<span class=\"elementor-icon-list-icon\">\n\t\t\t\t\t\t\t<svg xmlns=\"http:\/\/www.w3.org\/2000\/svg\" id=\"Logo\" width=\"100mm\" height=\"100mm\" viewBox=\"0 0 283.5 283.5\"><path d=\"M247.1,275.1c7.8,0,14.2-6.3,14.2-14.2V116.6c0-4-1.7-7.9-4.7-10.6L151.1,11.9c-2.6-2.3-5.9-3.6-9.4-3.6s-6.8,1.3-9.4,3.6L26.9,106c-3,2.7-4.7,6.5-4.7,10.6v144.4c0,7.8,6.3,14.2,14.2,14.2h210.8Z\" fill=\"#bc0e2f\" fill-rule=\"evenodd\"><\/path><\/svg>\t\t\t\t\t\t<\/span>\n\t\t\t\t\t\t\t\t\t\t<span class=\"elementor-icon-list-text\">Znajdziesz w nim jasne wytyczne dotycz\u0105ce warunk\u00f3w dofinansowania<\/span>\n\t\t\t\t\t\t\t\t\t<\/li>\n\t\t\t\t\t\t\t\t<li class=\"elementor-icon-list-item\">\n\t\t\t\t\t\t\t\t\t\t\t<span class=\"elementor-icon-list-icon\">\n\t\t\t\t\t\t\t<svg xmlns=\"http:\/\/www.w3.org\/2000\/svg\" id=\"Logo\" width=\"100mm\" height=\"100mm\" viewBox=\"0 0 283.5 283.5\"><path d=\"M247.1,275.1c7.8,0,14.2-6.3,14.2-14.2V116.6c0-4-1.7-7.9-4.7-10.6L151.1,11.9c-2.6-2.3-5.9-3.6-9.4-3.6s-6.8,1.3-9.4,3.6L26.9,106c-3,2.7-4.7,6.5-4.7,10.6v144.4c0,7.8,6.3,14.2,14.2,14.2h210.8Z\" fill=\"#bc0e2f\" fill-rule=\"evenodd\"><\/path><\/svg>\t\t\t\t\t\t<\/span>\n\t\t\t\t\t\t\t\t\t\t<span class=\"elementor-icon-list-text\">Dowiesz si\u0119, kto mo\u017ce skorzysta\u0107 z programu i jakie s\u0105 progi dotacyjne<\/span>\n\t\t\t\t\t\t\t\t\t<\/li>\n\t\t\t\t\t\t\t\t<li class=\"elementor-icon-list-item\">\n\t\t\t\t\t\t\t\t\t\t\t<span class=\"elementor-icon-list-icon\">\n\t\t\t\t\t\t\t<svg xmlns=\"http:\/\/www.w3.org\/2000\/svg\" id=\"Logo\" width=\"100mm\" height=\"100mm\" viewBox=\"0 0 283.5 283.5\"><path d=\"M247.1,275.1c7.8,0,14.2-6.3,14.2-14.2V116.6c0-4-1.7-7.9-4.7-10.6L151.1,11.9c-2.6-2.3-5.9-3.6-9.4-3.6s-6.8,1.3-9.4,3.6L26.9,106c-3,2.7-4.7,6.5-4.7,10.6v144.4c0,7.8,6.3,14.2,14.2,14.2h210.8Z\" fill=\"#bc0e2f\" fill-rule=\"evenodd\"><\/path><\/svg>\t\t\t\t\t\t<\/span>\n\t\t\t\t\t\t\t\t\t\t<span class=\"elementor-icon-list-text\">Otrzymasz czyteln\u0105 instrukcj\u0119, jak poprowadzi\u0107 klienta przez ca\u0142y proces<\/span>\n\t\t\t\t\t\t\t\t\t<\/li>\n\t\t\t\t\t\t\t\t<li class=\"elementor-icon-list-item\">\n\t\t\t\t\t\t\t\t\t\t\t<span class=\"elementor-icon-list-icon\">\n\t\t\t\t\t\t\t<svg xmlns=\"http:\/\/www.w3.org\/2000\/svg\" id=\"Logo\" width=\"100mm\" height=\"100mm\" viewBox=\"0 0 283.5 283.5\"><path d=\"M247.1,275.1c7.8,0,14.2-6.3,14.2-14.2V116.6c0-4-1.7-7.9-4.7-10.6L151.1,11.9c-2.6-2.3-5.9-3.6-9.4-3.6s-6.8,1.3-9.4,3.6L26.9,106c-3,2.7-4.7,6.5-4.7,10.6v144.4c0,7.8,6.3,14.2,14.2,14.2h210.8Z\" fill=\"#bc0e2f\" fill-rule=\"evenodd\"><\/path><\/svg>\t\t\t\t\t\t<\/span>\n\t\t\t\t\t\t\t\t\t\t<span class=\"elementor-icon-list-text\">Zyskasz argumenty, kt\u00f3re pomog\u0105 zwi\u0119kszy\u0107 liczb\u0119 realizowanych projekt\u00f3w<\/span>\n\t\t\t\t\t\t\t\t\t<\/li>\n\t\t\t\t\t\t<\/ul>\n\t\t\t\t\t\t<\/div>\n\t\t\t\t<\/div>\n\t\t\t\t<div class=\"elementor-element elementor-element-2751431 elementor-widget elementor-widget-heading\" data-id=\"2751431\" data-element_type=\"widget\" data-widget_type=\"heading.default\">\n\t\t\t\t<div class=\"elementor-widget-container\">\n\t\t\t\t\t<h2 class=\"elementor-heading-title elementor-size-default\"><span style=\"font-weight: 200\">Ten materia\u0142 zosta\u0142 opracowany po to, by\u015b m\u00f3g\u0142 skupi\u0107 si\u0119 na tym, co najwa\u017cniejsze \u2013 rzetelnym doradztwie i solidnej instalacji. <\/span>\n<br>Reszt\u0119 upro\u015bcili\u015bmy za Ciebie.<\/h2>\t\t\t\t<\/div>\n\t\t\t\t<\/div>\n\t\t\t\t\t<\/div>\n\t\t\t\t<\/div>\n\t\t<div class=\"elementor-element elementor-element-fc8d13b e-flex e-con-boxed e-con e-parent\" data-id=\"fc8d13b\" data-element_type=\"container\" id=\"program\" data-settings=\"{&quot;background_background&quot;:&quot;classic&quot;}\">\n\t\t\t\t\t<div class=\"e-con-inner\">\n\t\t<div class=\"elementor-element elementor-element-dad99f0 e-con-full e-flex e-con e-child\" data-id=\"dad99f0\" data-element_type=\"container\">\n\t\t\t\t<div class=\"elementor-element elementor-element-2a1d0a5 elementor-widget elementor-widget-heading\" data-id=\"2a1d0a5\" data-element_type=\"widget\" id=\"form\" data-widget_type=\"heading.default\">\n\t\t\t\t<div class=\"elementor-widget-container\">\n\t\t\t\t\t<h2 class=\"elementor-heading-title elementor-size-default\">Pobierz poradnik i zyskaj niezawodne narz\u0119dzie do pracy z klientami obj\u0119tymi programem \u201eCzyste Powietrze\u201d.<\/h2>\t\t\t\t<\/div>\n\t\t\t\t<\/div>\n\t\t\t\t<div class=\"elementor-element elementor-element-6bfd3d3 elementor-widget elementor-widget-wpforms\" data-id=\"6bfd3d3\" data-element_type=\"widget\" data-widget_type=\"wpforms.default\">\n\t\t\t\t<div class=\"elementor-widget-container\">\n\t\t\t\t\t<div class=\"wpforms-container wpforms-container-full wpforms-render-modern\" id=\"wpforms-263\"><form id=\"wpforms-form-263\" class=\"wpforms-validate wpforms-form\" data-formid=\"263\" method=\"post\" enctype=\"multipart\/form-data\" action=\"\/index.php\/wp-json\/wp\/v2\/pages\/248\" data-token=\"f94cb29724d4298870b07d6a06fcb18a\" data-token-time=\"1778683762\"><noscript class=\"wpforms-error-noscript\">Aby wype\u0142ni\u0107 ten formularz, w\u0142\u0105cz obs\u0142ug\u0119 JavaScript w przegl\u0105darce.<\/noscript><div id=\"wpforms-error-noscript\" style=\"display: none;\">Aby wype\u0142ni\u0107 ten formularz, w\u0142\u0105cz obs\u0142ug\u0119 JavaScript w przegl\u0105darce.<\/div><div class=\"wpforms-field-container\"><div id=\"wpforms-263-field_0-container\" class=\"wpforms-field wpforms-field-name wpforms-one-half wpforms-first wpforms-mobile-full\" data-field-id=\"0\"><label class=\"wpforms-field-label\" for=\"wpforms-263-field_0\">Imi\u0119<\/label><input type=\"text\" id=\"wpforms-263-field_0\" class=\"wpforms-field-medium\" name=\"wpforms[fields][0]\" aria-errormessage=\"wpforms-263-field_0-error\" ><\/div><div id=\"wpforms-263-field_8-container\" class=\"wpforms-field wpforms-field-name wpforms-one-half wpforms-mobile-full\" data-field-id=\"8\"><label class=\"wpforms-field-label\" for=\"wpforms-263-field_8\">Nazwa firmy<\/label><input type=\"text\" id=\"wpforms-263-field_8\" class=\"wpforms-field-medium\" name=\"wpforms[fields][8]\" aria-errormessage=\"wpforms-263-field_8-error\" ><\/div><div id=\"wpforms-263-field_5-container\" class=\"wpforms-field wpforms-field-number wpforms-one-half wpforms-first wpforms-mobile-full\" data-field-id=\"5\"><label class=\"wpforms-field-label\" for=\"wpforms-263-field_5\">Nr telefonu <span class=\"wpforms-required-label\" aria-hidden=\"true\">*<\/span><\/label><input type=\"number\" id=\"wpforms-263-field_5\" class=\"wpforms-field-medium wpforms-field-required\" name=\"wpforms[fields][5]\" step=\"any\" aria-errormessage=\"wpforms-263-field_5-error\" required><\/div><div id=\"wpforms-263-field_10-container\" class=\"wpforms-field wpforms-field-email wpforms-one-half wpforms-mobile-full\" data-field-id=\"10\"><label class=\"wpforms-field-label\" for=\"wpforms-263-field_10\">Adres e-mail<\/label><input type=\"email\" id=\"wpforms-263-field_10\" class=\"wpforms-field-medium\" name=\"wpforms[fields][10]\" spellcheck=\"false\" aria-errormessage=\"wpforms-263-field_10-error\" ><\/div><div id=\"wpforms-263-field_11-container\" class=\"wpforms-field wpforms-field-checkbox\" data-field-id=\"11\"><fieldset><legend class=\"wpforms-field-label\">Typ dzia\u0142alno\u015bci: <span class=\"wpforms-required-label\" aria-hidden=\"true\">*<\/span><\/legend><ul id=\"wpforms-263-field_11\" class=\"wpforms-field-required\"><li class=\"choice-1 depth-1\"><input type=\"checkbox\" id=\"wpforms-263-field_11_1\" name=\"wpforms[fields][11][]\" value=\"firma instalacyjna\" aria-errormessage=\"wpforms-263-field_11_1-error\" required ><label class=\"wpforms-field-label-inline\" for=\"wpforms-263-field_11_1\">firma instalacyjna<\/label><\/li><li class=\"choice-2 depth-1\"><input type=\"checkbox\" id=\"wpforms-263-field_11_2\" name=\"wpforms[fields][11][]\" value=\"firma handlowa\" aria-errormessage=\"wpforms-263-field_11_2-error\" required ><label class=\"wpforms-field-label-inline\" for=\"wpforms-263-field_11_2\">firma handlowa<\/label><\/li><li class=\"choice-3 depth-1\"><input type=\"checkbox\" id=\"wpforms-263-field_11_3\" name=\"wpforms[fields][11][]\" value=\"inny\" aria-errormessage=\"wpforms-263-field_11_3-error\" required ><label class=\"wpforms-field-label-inline\" for=\"wpforms-263-field_11_3\">inny<\/label><\/li><\/ul><\/fieldset><\/div><div id=\"wpforms-263-field_7-container\" class=\"wpforms-field wpforms-field-radio\" data-field-id=\"7\"><fieldset><legend class=\"wpforms-field-label\">Zgoda w celu przedstawienia oferty indywidualnej <span class=\"wpforms-required-label\" aria-hidden=\"true\">*<\/span><\/legend><ul id=\"wpforms-263-field_7\" class=\"wpforms-field-required\"><li class=\"choice-1 depth-1\"><input type=\"radio\" id=\"wpforms-263-field_7_1\" name=\"wpforms[fields][7]\" value=\"Wyra\u017cam zgod\u0119 Ariston Polska Sp\u00f3\u0142ce z o.o. w Krakowie na przetwarzanie moich danych osobowych zawartych w formularzu w celu i zakresie niezb\u0119dnym do przedstawienia oferty indywidualnej\" aria-errormessage=\"wpforms-263-field_7_1-error\" aria-describedby=\"wpforms-263-field_7-description\" required ><label class=\"wpforms-field-label-inline\" for=\"wpforms-263-field_7_1\">Wyra\u017cam zgod\u0119 Ariston Polska Sp\u00f3\u0142ce z o.o. w Krakowie na przetwarzanie moich danych osobowych zawartych w formularzu w celu i zakresie niezb\u0119dnym do przedstawienia oferty indywidualnej<\/label><\/li><\/ul><div id=\"wpforms-263-field_7-description\" class=\"wpforms-field-description\"><p>(szczeg\u00f3\u0142owe zasady przetwarzania danych, z kt\u00f3rymi zapoznanie si\u0119 potwierdza wyra\u017cenie zgody, dost\u0119pne s\u0105 <a href=\"https:\/\/nimbus.aristonthermo.com.pl\/zgoda-rodo-pompy-ciepla\/\" target=\"_blank\" rel=\"noopener\"><strong>tu)<\/strong><\/a><\/p>\n<br \/><\/div><\/fieldset><\/div><\/div><!-- .wpforms-field-container --><div class=\"wpforms-field wpforms-field-hp\"><label for=\"wpforms-263-field-hp\" class=\"wpforms-field-label\">Name<\/label><input type=\"text\" name=\"wpforms[hp]\" id=\"wpforms-263-field-hp\" class=\"wpforms-field-medium\"><\/div><div class=\"wpforms-submit-container\" ><input type=\"hidden\" name=\"wpforms[id]\" value=\"263\"><input type=\"hidden\" name=\"page_title\" value=\"\"><input type=\"hidden\" name=\"page_url\" value=\"https:\/\/dotacje.ariston-selector.com\/index.php\/wp-json\/wp\/v2\/pages\/248\"><input type=\"hidden\" name=\"url_referer\" value=\"\"><button type=\"submit\" name=\"wpforms[submit]\" id=\"wpforms-submit-263\" class=\"wpforms-submit\" data-alt-text=\"Wysy\u0142am...\" data-submit-text=\"POBIERZ PORADNIK\" aria-live=\"assertive\" value=\"wpforms-submit\">POBIERZ PORADNIK<\/button><\/div><\/form><\/div>  <!-- .wpforms-container -->\t\t\t\t<\/div>\n\t\t\t\t<\/div>\n\t\t\t\t<\/div>\n\t\t\t\t\t<\/div>\n\t\t\t\t<\/div>\n\t\t\t\t<\/div>\n\t\t","protected":false},"excerpt":{"rendered":"<p>PORADNIK Czyste Powietrze Wspieramy Tw\u00f3j rozw\u00f3j. Pomagamy Twoim klientom. Pobierz bezp\u0142atny poradnik \u201eCzyste Powietrze\u201d i zyskaj przewag\u0119 w rozmowach z [&hellip;]<\/p>\n","protected":false},"author":1,"featured_media":0,"parent":0,"menu_order":0,"comment_status":"closed","ping_status":"closed","template":"","meta":{"site-sidebar-layout":"no-sidebar","site-content-layout":"","ast-site-content-layout":"full-width-container","site-content-style":"default","site-sidebar-style":"default","ast-global-header-display":"","ast-banner-title-visibility":"","ast-main-header-display":"","ast-hfb-above-header-display":"","ast-hfb-below-header-display":"","ast-hfb-mobile-header-display":"","site-post-title":"disabled","ast-breadcrumbs-content":"","ast-featured-img":"disabled","footer-sml-layout":"","ast-disable-related-posts":"","theme-transparent-header-meta":"","adv-header-id-meta":"","stick-header-meta":"","header-above-stick-meta":"","header-main-stick-meta":"","header-below-stick-meta":"","astra-migrate-meta-layouts":"default","ast-page-background-enabled":"default","ast-page-background-meta":{"desktop":{"background-color":"var(--ast-global-color-4)","background-image":"","background-repeat":"repeat","background-position":"center center","background-size":"auto","background-attachment":"scroll","background-type":"","background-media":"","overlay-type":"","overlay-color":"","overlay-opacity":"","overlay-gradient":""},"tablet":{"background-color":"","background-image":"","background-repeat":"repeat","background-position":"center center","background-size":"auto","background-attachment":"scroll","background-type":"","background-media":"","overlay-type":"","overlay-color":"","overlay-opacity":"","overlay-gradient":""},"mobile":{"background-color":"","background-image":"","background-repeat":"repeat","background-position":"center center","background-size":"auto","background-attachment":"scroll","background-type":"","background-media":"","overlay-type":"","overlay-color":"","overlay-opacity":"","overlay-gradient":""}},"ast-content-background-meta":{"desktop":{"background-color":"var(--ast-global-color-5)","background-image":"","background-repeat":"repeat","background-position":"center center","background-size":"auto","background-attachment":"scroll","background-type":"","background-media":"","overlay-type":"","overlay-color":"","overlay-opacity":"","overlay-gradient":""},"tablet":{"background-color":"var(--ast-global-color-5)","background-image":"","background-repeat":"repeat","background-position":"center center","background-size":"auto","background-attachment":"scroll","background-type":"","background-media":"","overlay-type":"","overlay-color":"","overlay-opacity":"","overlay-gradient":""},"mobile":{"background-color":"var(--ast-global-color-5)","background-image":"","background-repeat":"repeat","background-position":"center center","background-size":"auto","background-attachment":"scroll","background-type":"","background-media":"","overlay-type":"","overlay-color":"","overlay-opacity":"","overlay-gradient":""}},"footnotes":""},"_links":{"self":[{"href":"https:\/\/dotacje.ariston-selector.com\/index.php\/wp-json\/wp\/v2\/pages\/248"}],"collection":[{"href":"https:\/\/dotacje.ariston-selector.com\/index.php\/wp-json\/wp\/v2\/pages"}],"about":[{"href":"https:\/\/dotacje.ariston-selector.com\/index.php\/wp-json\/wp\/v2\/types\/page"}],"author":[{"embeddable":true,"href":"https:\/\/dotacje.ariston-selector.com\/index.php\/wp-json\/wp\/v2\/users\/1"}],"replies":[{"embeddable":true,"href":"https:\/\/dotacje.ariston-selector.com\/index.php\/wp-json\/wp\/v2\/comments?post=248"}],"version-history":[{"count":25,"href":"https:\/\/dotacje.ariston-selector.com\/index.php\/wp-json\/wp\/v2\/pages\/248\/revisions"}],"predecessor-version":[{"id":297,"href":"https:\/\/dotacje.ariston-selector.com\/index.php\/wp-json\/wp\/v2\/pages\/248\/revisions\/297"}],"wp:attachment":[{"href":"https:\/\/dotacje.ariston-selector.com\/index.php\/wp-json\/wp\/v2\/media?parent=248"}],"curies":[{"name":"wp","href":"https:\/\/api.w.org\/{rel}","templated":true}]}}